{"id":1083,"date":"2019-01-23T06:31:31","date_gmt":"2019-01-23T06:31:31","guid":{"rendered":"https:\/\/hbppackaging.com\/index.php\/about-us\/"},"modified":"2024-03-05T11:02:37","modified_gmt":"2024-03-05T03:02:37","slug":"about-us","status":"publish","type":"page","link":"https:\/\/hbppackaging.com\/es\/about-us\/","title":{"rendered":"Qui\u00e9nes somos"},"content":{"rendered":"<div data-elementor-type=\"wp-post\" data-elementor-id=\"1083\" class=\"elementor elementor-1083\" data-elementor-post-type=\"page\">\n\t\t\t\t<div class=\"elementor-element elementor-element-4c0ab84 e-con-full e-flex e-con e-parent\" data-id=\"4c0ab84\" data-element_type=\"container\" data-settings=\"{&quot;background_background&quot;:&quot;classic&quot;}\">\n\t\t<div class=\"elementor-element elementor-element-959a44b e-con-full e-flex e-con e-child\" data-id=\"959a44b\" data-element_type=\"container\">\n\t\t\t\t<div class=\"elementor-element elementor-element-5272471 elementor-widget__width-initial elementor-absolute elementor-widget elementor-widget-heading\" data-id=\"5272471\" data-element_type=\"widget\" data-settings=\"{&quot;_position&quot;:&quot;absolute&quot;}\" data-widget_type=\"heading.default\">\n\t\t\t\t<div class=\"elementor-widget-container\">\n\t\t\t\t\t<h1 class=\"elementor-heading-title elementor-size-default\">Qui\u00e9nes somos<\/h1>\t\t\t\t<\/div>\n\t\t\t\t<\/div>\n\t\t\t\t<div class=\"elementor-element elementor-element-394fa3f elementor-widget__width-initial elementor-absolute elementor-widget elementor-widget-heading\" data-id=\"394fa3f\" data-element_type=\"widget\" data-settings=\"{&quot;_position&quot;:&quot;absolute&quot;}\" data-widget_type=\"heading.default\">\n\t\t\t\t<div class=\"elementor-widget-container\">\n\t\t\t\t\t<h1 class=\"elementor-heading-title elementor-size-default\">Qui\u00e9nes somos<\/h1>\t\t\t\t<\/div>\n\t\t\t\t<\/div>\n\t\t\t\t<div class=\"elementor-element elementor-element-af47bcd elementor-widget__width-initial elementor-absolute elementor-widget elementor-widget-heading\" data-id=\"af47bcd\" data-element_type=\"widget\" data-settings=\"{&quot;_position&quot;:&quot;absolute&quot;}\" data-widget_type=\"heading.default\">\n\t\t\t\t<div class=\"elementor-widget-container\">\n\t\t\t\t\t<h4 class=\"elementor-heading-title elementor-size-default\">Innovaci\u00f3n, alto rendimiento, alta calidad<\/h4>\t\t\t\t<\/div>\n\t\t\t\t<\/div>\n\t\t\t\t<\/div>\n\t\t\t\t<\/div>\n\t\t<div class=\"elementor-element elementor-element-c7bafd9 e-flex e-con-boxed e-con e-parent\" data-id=\"c7bafd9\" data-element_type=\"container\" data-settings=\"{&quot;background_background&quot;:&quot;classic&quot;}\">\n\t\t\t\t\t<div class=\"e-con-inner\">\n\t\t<div class=\"elementor-element elementor-element-dd6a178 e-con-full e-flex e-con e-child\" data-id=\"dd6a178\" data-element_type=\"container\">\n\t\t\t\t<div class=\"elementor-element elementor-element-cb9a59a elementor-widget elementor-widget-heading\" data-id=\"cb9a59a\" data-element_type=\"widget\" data-widget_type=\"heading.default\">\n\t\t\t\t<div class=\"elementor-widget-container\">\n\t\t\t\t\t<h2 class=\"elementor-heading-title elementor-size-default\">PERFIL DE LA EMPRESA<\/h2>\t\t\t\t<\/div>\n\t\t\t\t<\/div>\n\t\t\t\t<div class=\"elementor-element elementor-element-2c013c7 elementor-widget__width-inherit elementor-widget elementor-widget-text-editor\" data-id=\"2c013c7\" data-element_type=\"widget\" data-widget_type=\"text-editor.default\">\n\t\t\t\t<div class=\"elementor-widget-container\">\n\t\t\t\t\t\t\t\t\t<p>Fundada en 2017, Haobo Packaging Technology Co. Ltd. (HBP Packaging) es un fabricante y proveedor especializado en el dise\u00f1o, venta y producci\u00f3n de productos de envasado de cosm\u00e9ticos de color y productos para el cuidado de la piel. Nuestras series de productos incluyen tubos de brillo labial, tubos de l\u00e1piz labial, tubos de r\u00edmel, estuches de sombra de ojos, estuches compactos, estuches de base de maquillaje, estuches de polvos sueltos, estuches de delineador de ojos, botellas sin aire y tarros para el cuidado de la piel, etc.<br \/>Nuestra f\u00e1brica ocupa una superficie de m\u00e1s de 10 mil metros cuadrados. Estamos equipados con instalaciones de producci\u00f3n avanzadas, incluyendo 80 juegos de m\u00e1quinas de inyecci\u00f3n, m\u00e1quinas de serigraf\u00eda, m\u00e1quinas de estampaci\u00f3n en caliente, taller de clase 100.000 GMPC, 12 l\u00edneas de montaje y autom\u00e1ticas. <br \/>HBP Packaging est\u00e1 firmemente comprometida con este objetivo de desarrollo de alta calidad, sustracci\u00f3n en el consumo de energ\u00eda y emisi\u00f3n, aditivo en la gesti\u00f3n y tecnolog\u00eda para lograr beneficios tanto econ\u00f3micos como sociales.<\/p>\t\t\t\t\t\t\t\t<\/div>\n\t\t\t\t<\/div>\n\t\t\t\t<div class=\"elementor-element elementor-element-ec73f21 elementor-widget elementor-widget-image\" data-id=\"ec73f21\" data-element_type=\"widget\" data-widget_type=\"image.default\">\n\t\t\t\t<div class=\"elementor-widget-container\">\n\t\t\t\t\t\t\t\t\t\t\t\t\t\t\t<img fetchpriority=\"high\" decoding=\"async\" width=\"1400\" height=\"733\" src=\"https:\/\/hbppackaging.com\/wp-content\/uploads\/2024\/03\/\u56fe\u7247.png\" class=\"attachment-full size-full wp-image-2937\" alt=\"\" srcset=\"https:\/\/hbppackaging.com\/wp-content\/uploads\/2024\/03\/\u56fe\u7247.png 1400w, https:\/\/hbppackaging.com\/wp-content\/uploads\/2024\/03\/\u56fe\u7247-300x157.png 300w, https:\/\/hbppackaging.com\/wp-content\/uploads\/2024\/03\/\u56fe\u7247-1024x536.png 1024w, https:\/\/hbppackaging.com\/wp-content\/uploads\/2024\/03\/\u56fe\u7247-768x402.png 768w, https:\/\/hbppackaging.com\/wp-content\/uploads\/2024\/03\/\u56fe\u7247-18x9.png 18w, https:\/\/hbppackaging.com\/wp-content\/uploads\/2024\/03\/\u56fe\u7247-600x314.png 600w\" sizes=\"(max-width: 1400px) 100vw, 1400px\" \/>\t\t\t\t\t\t\t\t\t\t\t\t\t\t\t<\/div>\n\t\t\t\t<\/div>\n\t\t\t\t<\/div>\n\t\t\t\t\t<\/div>\n\t\t\t\t<\/div>\n\t\t<div class=\"elementor-element elementor-element-v6cew7b e-flex e-con-boxed e-con e-parent\" data-id=\"v6cew7b\" data-element_type=\"container\" data-settings=\"{&quot;background_background&quot;:&quot;classic&quot;}\">\n\t\t\t\t\t<div class=\"e-con-inner\">\n\t\t<div class=\"elementor-element elementor-element-0ff5718 e-con-full e-flex e-con e-child\" data-id=\"0ff5718\" data-element_type=\"container\">\n\t\t\t\t<div class=\"elementor-element elementor-element-a282bbd elementor-widget-divider--view-line elementor-widget elementor-widget-divider\" data-id=\"a282bbd\" data-element_type=\"widget\" data-widget_type=\"divider.default\">\n\t\t\t\t<div class=\"elementor-widget-container\">\n\t\t\t\t\t\t\t<div class=\"elementor-divider\">\n\t\t\t<span class=\"elementor-divider-separator\">\n\t\t\t\t\t\t<\/span>\n\t\t<\/div>\n\t\t\t\t\t\t<\/div>\n\t\t\t\t<\/div>\n\t\t\t\t<div class=\"elementor-element elementor-element-99fdd59 elementor-widget elementor-widget-image-box\" data-id=\"99fdd59\" data-element_type=\"widget\" data-widget_type=\"image-box.default\">\n\t\t\t\t<div class=\"elementor-widget-container\">\n\t\t\t\t\t<div class=\"elementor-image-box-wrapper\"><div class=\"elementor-image-box-content\"><h2 class=\"elementor-image-box-title\">Diagrama de la empresa<\/h2><p class=\"elementor-image-box-description\">Shenzhen Haobo Packaging Technology Co., Ltd. es una empresa de envasado de cosm\u00e9ticos a gran escala que integra dise\u00f1o, desarrollo, producci\u00f3n y ventas.<\/p><\/div><\/div>\t\t\t\t<\/div>\n\t\t\t\t<\/div>\n\t\t\t\t<\/div>\n\t\t\t\t\t<\/div>\n\t\t\t\t<\/div>\n\t\t<div class=\"elementor-element elementor-element-2c08816 e-flex e-con-boxed e-con e-parent\" data-id=\"2c08816\" data-element_type=\"container\">\n\t\t\t\t\t<div class=\"e-con-inner\">\n\t\t<div class=\"elementor-element elementor-element-2d27bca e-con-full e-flex e-con e-child\" data-id=\"2d27bca\" data-element_type=\"container\">\n\t\t\t\t<div class=\"elementor-element elementor-element-8565e9f elementor-widget elementor-widget-image\" data-id=\"8565e9f\" data-element_type=\"widget\" data-widget_type=\"image.default\">\n\t\t\t\t<div class=\"elementor-widget-container\">\n\t\t\t\t\t\t\t\t\t\t\t\t\t\t\t<img decoding=\"async\" width=\"800\" height=\"533\" src=\"https:\/\/hbppackaging.com\/wp-content\/uploads\/2024\/03\/\u5fae\u4fe1\u56fe\u7247_20240101122114.jpg\" class=\"attachment-large size-large wp-image-2948\" alt=\"\" srcset=\"https:\/\/hbppackaging.com\/wp-content\/uploads\/2024\/03\/\u5fae\u4fe1\u56fe\u7247_20240101122114.jpg 800w, https:\/\/hbppackaging.com\/wp-content\/uploads\/2024\/03\/\u5fae\u4fe1\u56fe\u7247_20240101122114-300x200.jpg 300w, https:\/\/hbppackaging.com\/wp-content\/uploads\/2024\/03\/\u5fae\u4fe1\u56fe\u7247_20240101122114-768x512.jpg 768w, https:\/\/hbppackaging.com\/wp-content\/uploads\/2024\/03\/\u5fae\u4fe1\u56fe\u7247_20240101122114-18x12.jpg 18w, https:\/\/hbppackaging.com\/wp-content\/uploads\/2024\/03\/\u5fae\u4fe1\u56fe\u7247_20240101122114-600x400.jpg 600w\" sizes=\"(max-width: 800px) 100vw, 800px\" \/>\t\t\t\t\t\t\t\t\t\t\t\t\t\t\t<\/div>\n\t\t\t\t<\/div>\n\t\t\t\t<\/div>\n\t\t<div class=\"elementor-element elementor-element-819dab0 e-con-full e-flex e-con e-child\" data-id=\"819dab0\" data-element_type=\"container\">\n\t\t\t\t<div class=\"elementor-element elementor-element-5192f34 elementor-widget elementor-widget-image\" data-id=\"5192f34\" data-element_type=\"widget\" data-widget_type=\"image.default\">\n\t\t\t\t<div class=\"elementor-widget-container\">\n\t\t\t\t\t\t\t\t\t\t\t\t\t\t\t<img decoding=\"async\" width=\"800\" height=\"533\" src=\"https:\/\/hbppackaging.com\/wp-content\/uploads\/2024\/03\/\u5fae\u4fe1\u56fe\u7247_20240101122121.jpg\" class=\"attachment-large size-large wp-image-2950\" alt=\"\" srcset=\"https:\/\/hbppackaging.com\/wp-content\/uploads\/2024\/03\/\u5fae\u4fe1\u56fe\u7247_20240101122121.jpg 800w, https:\/\/hbppackaging.com\/wp-content\/uploads\/2024\/03\/\u5fae\u4fe1\u56fe\u7247_20240101122121-300x200.jpg 300w, https:\/\/hbppackaging.com\/wp-content\/uploads\/2024\/03\/\u5fae\u4fe1\u56fe\u7247_20240101122121-768x512.jpg 768w, https:\/\/hbppackaging.com\/wp-content\/uploads\/2024\/03\/\u5fae\u4fe1\u56fe\u7247_20240101122121-18x12.jpg 18w, https:\/\/hbppackaging.com\/wp-content\/uploads\/2024\/03\/\u5fae\u4fe1\u56fe\u7247_20240101122121-600x400.jpg 600w\" sizes=\"(max-width: 800px) 100vw, 800px\" \/>\t\t\t\t\t\t\t\t\t\t\t\t\t\t\t<\/div>\n\t\t\t\t<\/div>\n\t\t\t\t<\/div>\n\t\t<div class=\"elementor-element elementor-element-5d3d39e e-con-full e-flex e-con e-child\" data-id=\"5d3d39e\" data-element_type=\"container\">\n\t\t\t\t<div class=\"elementor-element elementor-element-74def1a elementor-widget elementor-widget-image\" data-id=\"74def1a\" data-element_type=\"widget\" data-widget_type=\"image.default\">\n\t\t\t\t<div class=\"elementor-widget-container\">\n\t\t\t\t\t\t\t\t\t\t\t\t\t\t\t<img loading=\"lazy\" decoding=\"async\" width=\"800\" height=\"533\" src=\"https:\/\/hbppackaging.com\/wp-content\/uploads\/2024\/03\/\u672a\u6807\u9898-1.jpg\" class=\"attachment-large size-large wp-image-2952\" alt=\"\" srcset=\"https:\/\/hbppackaging.com\/wp-content\/uploads\/2024\/03\/\u672a\u6807\u9898-1.jpg 800w, https:\/\/hbppackaging.com\/wp-content\/uploads\/2024\/03\/\u672a\u6807\u9898-1-300x200.jpg 300w, https:\/\/hbppackaging.com\/wp-content\/uploads\/2024\/03\/\u672a\u6807\u9898-1-768x512.jpg 768w, https:\/\/hbppackaging.com\/wp-content\/uploads\/2024\/03\/\u672a\u6807\u9898-1-18x12.jpg 18w, https:\/\/hbppackaging.com\/wp-content\/uploads\/2024\/03\/\u672a\u6807\u9898-1-600x400.jpg 600w\" sizes=\"(max-width: 800px) 100vw, 800px\" \/>\t\t\t\t\t\t\t\t\t\t\t\t\t\t\t<\/div>\n\t\t\t\t<\/div>\n\t\t\t\t<\/div>\n\t\t<div class=\"elementor-element elementor-element-894adca e-con-full e-flex e-con e-child\" data-id=\"894adca\" data-element_type=\"container\">\n\t\t\t\t<div class=\"elementor-element elementor-element-d81cf79 elementor-widget elementor-widget-image\" data-id=\"d81cf79\" data-element_type=\"widget\" data-widget_type=\"image.default\">\n\t\t\t\t<div class=\"elementor-widget-container\">\n\t\t\t\t\t\t\t\t\t\t\t\t\t\t\t<img loading=\"lazy\" decoding=\"async\" width=\"800\" height=\"533\" src=\"https:\/\/hbppackaging.com\/wp-content\/uploads\/2024\/03\/\u5fae\u4fe1\u56fe\u7247_20240101122132.jpg\" class=\"attachment-large size-large wp-image-2951\" alt=\"\" srcset=\"https:\/\/hbppackaging.com\/wp-content\/uploads\/2024\/03\/\u5fae\u4fe1\u56fe\u7247_20240101122132.jpg 800w, https:\/\/hbppackaging.com\/wp-content\/uploads\/2024\/03\/\u5fae\u4fe1\u56fe\u7247_20240101122132-300x200.jpg 300w, https:\/\/hbppackaging.com\/wp-content\/uploads\/2024\/03\/\u5fae\u4fe1\u56fe\u7247_20240101122132-768x512.jpg 768w, https:\/\/hbppackaging.com\/wp-content\/uploads\/2024\/03\/\u5fae\u4fe1\u56fe\u7247_20240101122132-18x12.jpg 18w, https:\/\/hbppackaging.com\/wp-content\/uploads\/2024\/03\/\u5fae\u4fe1\u56fe\u7247_20240101122132-600x400.jpg 600w\" sizes=\"(max-width: 800px) 100vw, 800px\" \/>\t\t\t\t\t\t\t\t\t\t\t\t\t\t\t<\/div>\n\t\t\t\t<\/div>\n\t\t\t\t<\/div>\n\t\t\t\t\t<\/div>\n\t\t\t\t<\/div>\n\t\t<div class=\"elementor-element elementor-element-f2klx1e e-flex e-con-boxed e-con e-parent\" data-id=\"f2klx1e\" data-element_type=\"container\" data-settings=\"{&quot;background_background&quot;:&quot;classic&quot;}\">\n\t\t\t\t\t<div class=\"e-con-inner\">\n\t\t<div class=\"elementor-element elementor-element-8d6e746 e-con-full e-flex e-con e-child\" data-id=\"8d6e746\" data-element_type=\"container\" data-settings=\"{&quot;background_background&quot;:&quot;classic&quot;}\">\n\t\t\t\t<div class=\"elementor-element elementor-element-3b52d52 elementor-widget-divider--view-line elementor-widget elementor-widget-divider\" data-id=\"3b52d52\" data-element_type=\"widget\" data-widget_type=\"divider.default\">\n\t\t\t\t<div class=\"elementor-widget-container\">\n\t\t\t\t\t\t\t<div class=\"elementor-divider\">\n\t\t\t<span class=\"elementor-divider-separator\">\n\t\t\t\t\t\t<\/span>\n\t\t<\/div>\n\t\t\t\t\t\t<\/div>\n\t\t\t\t<\/div>\n\t\t\t\t<div class=\"elementor-element elementor-element-d5eb90c elementor-widget elementor-widget-heading\" data-id=\"d5eb90c\" data-element_type=\"widget\" data-widget_type=\"heading.default\">\n\t\t\t\t<div class=\"elementor-widget-container\">\n\t\t\t\t\t<h2 class=\"elementor-heading-title elementor-size-default\">S\u00edguenos<\/h2>\t\t\t\t<\/div>\n\t\t\t\t<\/div>\n\t\t\t\t<div class=\"elementor-element elementor-element-5486d17 elementor-shape-rounded elementor-grid-0 e-grid-align-center elementor-widget elementor-widget-social-icons\" data-id=\"5486d17\" data-element_type=\"widget\" data-widget_type=\"social-icons.default\">\n\t\t\t\t<div class=\"elementor-widget-container\">\n\t\t\t\t\t\t\t<div class=\"elementor-social-icons-wrapper elementor-grid\" role=\"list\">\n\t\t\t\t\t\t\t<span class=\"elementor-grid-item\" role=\"listitem\">\n\t\t\t\t\t<a class=\"elementor-icon elementor-social-icon elementor-social-icon-facebook-f elementor-repeater-item-9e740e1\">\n\t\t\t\t\t\t<span class=\"elementor-screen-only\">Facebook-f<\/span>\n\t\t\t\t\t\t<svg aria-hidden=\"true\" class=\"e-font-icon-svg e-fab-facebook-f\" viewbox=\"0 0 320 512\" xmlns=\"http:\/\/www.w3.org\/2000\/svg\"><path d=\"M279.14 288l14.22-92.66h-88.91v-60.13c0-25.35 12.42-50.06 52.24-50.06h40.42V6.26S260.43 0 225.36 0c-73.22 0-121.08 44.38-121.08 124.72v70.62H22.89V288h81.39v224h100.17V288z\"><\/path><\/svg>\t\t\t\t\t<\/a>\n\t\t\t\t<\/span>\n\t\t\t\t\t\t\t<span class=\"elementor-grid-item\" role=\"listitem\">\n\t\t\t\t\t<a class=\"elementor-icon elementor-social-icon elementor-social-icon-twitter elementor-repeater-item-525c1b1\">\n\t\t\t\t\t\t<span class=\"elementor-screen-only\">Twitter<\/span>\n\t\t\t\t\t\t<svg aria-hidden=\"true\" class=\"e-font-icon-svg e-fab-twitter\" viewbox=\"0 0 512 512\" xmlns=\"http:\/\/www.w3.org\/2000\/svg\"><path d=\"M459.37 151.716c.325 4.548.325 9.097.325 13.645 0 138.72-105.583 298.558-298.558 298.558-59.452 0-114.68-17.219-161.137-47.106 8.447.974 16.568 1.299 25.34 1.299 49.055 0 94.213-16.568 130.274-44.832-46.132-.975-84.792-31.188-98.112-72.772 6.498.974 12.995 1.624 19.818 1.624 9.421 0 18.843-1.3 27.614-3.573-48.081-9.747-84.143-51.98-84.143-102.985v-1.299c13.969 7.797 30.214 12.67 47.431 13.319-28.264-18.843-46.781-51.005-46.781-87.391 0-19.492 5.197-37.36 14.294-52.954 51.655 63.675 129.3 105.258 216.365 109.807-1.624-7.797-2.599-15.918-2.599-24.04 0-57.828 46.782-104.934 104.934-104.934 30.213 0 57.502 12.67 76.67 33.137 23.715-4.548 46.456-13.32 66.599-25.34-7.798 24.366-24.366 44.833-46.132 57.827 21.117-2.273 41.584-8.122 60.426-16.243-14.292 20.791-32.161 39.308-52.628 54.253z\"><\/path><\/svg>\t\t\t\t\t<\/a>\n\t\t\t\t<\/span>\n\t\t\t\t\t\t\t<span class=\"elementor-grid-item\" role=\"listitem\">\n\t\t\t\t\t<a class=\"elementor-icon elementor-social-icon elementor-social-icon-instagram elementor-repeater-item-65ca331\">\n\t\t\t\t\t\t<span class=\"elementor-screen-only\">Instagram<\/span>\n\t\t\t\t\t\t<svg aria-hidden=\"true\" class=\"e-font-icon-svg e-fab-instagram\" viewbox=\"0 0 448 512\" xmlns=\"http:\/\/www.w3.org\/2000\/svg\"><path d=\"M224.1 141c-63.6 0-114.9 51.3-114.9 114.9s51.3 114.9 114.9 114.9S339 319.5 339 255.9 287.7 141 224.1 141zm0 189.6c-41.1 0-74.7-33.5-74.7-74.7s33.5-74.7 74.7-74.7 74.7 33.5 74.7 74.7-33.6 74.7-74.7 74.7zm146.4-194.3c0 14.9-12 26.8-26.8 26.8-14.9 0-26.8-12-26.8-26.8s12-26.8 26.8-26.8 26.8 12 26.8 26.8zm76.1 27.2c-1.7-35.9-9.9-67.7-36.2-93.9-26.2-26.2-58-34.4-93.9-36.2-37-2.1-147.9-2.1-184.9 0-35.8 1.7-67.6 9.9-93.9 36.1s-34.4 58-36.2 93.9c-2.1 37-2.1 147.9 0 184.9 1.7 35.9 9.9 67.7 36.2 93.9s58 34.4 93.9 36.2c37 2.1 147.9 2.1 184.9 0 35.9-1.7 67.7-9.9 93.9-36.2 26.2-26.2 34.4-58 36.2-93.9 2.1-37 2.1-147.8 0-184.8zM398.8 388c-7.8 19.6-22.9 34.7-42.6 42.6-29.5 11.7-99.5 9-132.1 9s-102.7 2.6-132.1-9c-19.6-7.8-34.7-22.9-42.6-42.6-11.7-29.5-9-99.5-9-132.1s-2.6-102.7 9-132.1c7.8-19.6 22.9-34.7 42.6-42.6 29.5-11.7 99.5-9 132.1-9s102.7-2.6 132.1 9c19.6 7.8 34.7 22.9 42.6 42.6 11.7 29.5 9 99.5 9 132.1s2.7 102.7-9 132.1z\"><\/path><\/svg>\t\t\t\t\t<\/a>\n\t\t\t\t<\/span>\n\t\t\t\t\t\t\t<span class=\"elementor-grid-item\" role=\"listitem\">\n\t\t\t\t\t<a class=\"elementor-icon elementor-social-icon elementor-social-icon-google-plus-g elementor-repeater-item-347f36d\">\n\t\t\t\t\t\t<span class=\"elementor-screen-only\">Google-plus-g<\/span>\n\t\t\t\t\t\t<svg aria-hidden=\"true\" class=\"e-font-icon-svg e-fab-google-plus-g\" viewbox=\"0 0 640 512\" xmlns=\"http:\/\/www.w3.org\/2000\/svg\"><path d=\"M386.061 228.496c1.834 9.692 3.143 19.384 3.143 31.956C389.204 370.205 315.599 448 204.8 448c-106.084 0-192-85.915-192-192s85.916-192 192-192c51.864 0 95.083 18.859 128.611 50.292l-52.126 50.03c-14.145-13.621-39.028-29.599-76.485-29.599-65.484 0-118.92 54.221-118.92 121.277 0 67.056 53.436 121.277 118.92 121.277 75.961 0 104.513-54.745 108.965-82.773H204.8v-66.009h181.261zm185.406 6.437V179.2h-56.001v55.733h-55.733v56.001h55.733v55.733h56.001v-55.733H627.2v-56.001h-55.733z\"><\/path><\/svg>\t\t\t\t\t<\/a>\n\t\t\t\t<\/span>\n\t\t\t\t\t<\/div>\n\t\t\t\t\t\t<\/div>\n\t\t\t\t<\/div>\n\t\t\t\t<\/div>\n\t\t\t\t\t<\/div>\n\t\t\t\t<\/div>\n\t\t\t\t<\/div>","protected":false},"excerpt":{"rendered":"<p>About Us About Us Innovation\u3001high yield\u3001 high quality COMPANY PROFILE Founded in 2017, Haobo Packaging Technology Co., Ltd. (HBP Packaging) is a manufacturer and supplier specialized in design, sales and production of color cosmetic and skin care packaging products. Our product series include lipgloss tubes, lipstick tubes, mascara tubes, eye shadow cases, compact cases, foundation [&hellip;]<\/p>","protected":false},"author":1,"featured_media":0,"parent":0,"menu_order":0,"comment_status":"closed","ping_status":"closed","template":"","meta":{"site-sidebar-layout":"no-sidebar","site-content-layout":"page-builder","ast-site-content-layout":"default","site-content-style":"default","site-sidebar-style":"default","ast-global-header-display":"","ast-banner-title-visibility":"","ast-main-header-display":"","ast-hfb-above-header-display":"","ast-hfb-below-header-display":"","ast-hfb-mobile-header-display":"","site-post-title":"disabled","ast-breadcrumbs-content":"","ast-featured-img":"disabled","footer-sml-layout":"","theme-transparent-header-meta":"enabled","adv-header-id-meta":"","stick-header-meta":"","header-above-stick-meta":"","header-main-stick-meta":"","header-below-stick-meta":"","astra-migrate-meta-layouts":"default","ast-page-background-enabled":"default","ast-page-background-meta":{"desktop":{"background-color":"","background-image":"","background-repeat":"repeat","background-position":"center center","background-size":"auto","background-attachment":"scroll","background-type":"","background-media":"","overlay-type":"","overlay-color":"","overlay-opacity":"","overlay-gradient":""},"tablet":{"background-color":"","background-image":"","background-repeat":"repeat","background-position":"center center","background-size":"auto","background-attachment":"scroll","background-type":"","background-media":"","overlay-type":"","overlay-color":"","overlay-opacity":"","overlay-gradient":""},"mobile":{"background-color":"","background-image":"","background-repeat":"repeat","background-position":"center center","background-size":"auto","background-attachment":"scroll","background-type":"","background-media":"","overlay-type":"","overlay-color":"","overlay-opacity":"","overlay-gradient":""}},"ast-content-background-meta":{"desktop":{"background-color":"var(--ast-global-color-5)","background-image":"","background-repeat":"repeat","background-position":"center center","background-size":"auto","background-attachment":"scroll","background-type":"","background-media":"","overlay-type":"","overlay-color":"","overlay-opacity":"","overlay-gradient":""},"tablet":{"background-color":"var(--ast-global-color-5)","background-image":"","background-repeat":"repeat","background-position":"center center","background-size":"auto","background-attachment":"scroll","background-type":"","background-media":"","overlay-type":"","overlay-color":"","overlay-opacity":"","overlay-gradient":""},"mobile":{"background-color":"var(--ast-global-color-5)","background-image":"","background-repeat":"repeat","background-position":"center center","background-size":"auto","background-attachment":"scroll","background-type":"","background-media":"","overlay-type":"","overlay-color":"","overlay-opacity":"","overlay-gradient":""}},"footnotes":""},"class_list":["post-1083","page","type-page","status-publish","hentry"],"_links":{"self":[{"href":"https:\/\/hbppackaging.com\/es\/wp-json\/wp\/v2\/pages\/1083","targetHints":{"allow":["GET"]}}],"collection":[{"href":"https:\/\/hbppackaging.com\/es\/wp-json\/wp\/v2\/pages"}],"about":[{"href":"https:\/\/hbppackaging.com\/es\/wp-json\/wp\/v2\/types\/page"}],"author":[{"embeddable":true,"href":"https:\/\/hbppackaging.com\/es\/wp-json\/wp\/v2\/users\/1"}],"replies":[{"embeddable":true,"href":"https:\/\/hbppackaging.com\/es\/wp-json\/wp\/v2\/comments?post=1083"}],"version-history":[{"count":57,"href":"https:\/\/hbppackaging.com\/es\/wp-json\/wp\/v2\/pages\/1083\/revisions"}],"predecessor-version":[{"id":2965,"href":"https:\/\/hbppackaging.com\/es\/wp-json\/wp\/v2\/pages\/1083\/revisions\/2965"}],"wp:attachment":[{"href":"https:\/\/hbppackaging.com\/es\/wp-json\/wp\/v2\/media?parent=1083"}],"curies":[{"name":"wp","href":"https:\/\/api.w.org\/{rel}","templated":true}]}}